{"id":177,"date":"2018-02-10T22:34:47","date_gmt":"2018-02-10T21:34:47","guid":{"rendered":"http:\/\/fictif.duckdns.org\/wordpress\/?page_id=177"},"modified":"2025-02-12T15:03:41","modified_gmt":"2025-02-12T14:03:41","slug":"liens_musique","status":"publish","type":"page","link":"https:\/\/www.culturaviva.fr\/index.php\/liens_musique\/","title":{"rendered":"Liens vers les sites de Musique"},"content":{"rendered":"<p style=\"text-align: justify;\"><a href=\"https:\/\/fr-fr.facebook.com\/pages\/A-Stonda-Polyphonies\/345113888919256\" target=\"_blank\" rel=\"noopener\">A Stonda<\/a><br \/>\nPage <em>Facebook<\/em> du groupe de polyphonies corses : A Stonda.<\/p>\n<p style=\"text-align: justify;\"><a href=\"http:\/\/www.barbara-furtuna.fr\/\" target=\"_blank\" rel=\"noopener\">Barbara Furtuna<\/a><br \/>\nSite officiel de l&rsquo;ensemble polyphonique corse Barbara Furtuna.<\/p>\n<p style=\"text-align: justify;\"><a href=\"http:\/\/www.chanteurscorses.com\/\" target=\"_blank\" rel=\"noopener\">ChanteursCorses.com<\/a><br \/>\nDes chanteurs corses disponibles vous proposent diverses prestations musicales et animations : polyphonies corses, messe corse en polyphonie, messe de mariage corse, animation musicale avec chants et guitares corses, concerts.<\/p>\n<p style=\"text-align: justify;\"><a href=\"http:\/\/www.l-invitu.net\/\" target=\"_blank\" rel=\"noopener\">L&rsquo;invitu<\/a><br \/>\nDes passions \u00e0 partager : A Filetta, le chant polyphonique et bien d&rsquo;autres choses encore&#8230; ainsi qu&rsquo;une <a href=\"http:\/\/www.l-invitu.net\/cantarini.php\" target=\"_blank\" rel=\"noopener\">liste des chanteurs et groupes corses<\/a>.<\/p>\n<p style=\"text-align: justify;\"><a href=\"http:\/\/www.paghjella.com\/\" target=\"_blank\" rel=\"noopener\">Paghjella.com<\/a><br \/>\nSite de recueil de textes de paghjelle ; po\u00e9sies traditionnelles corses chant\u00e9es, dont la m\u00e9trique est invariablement de 6 vers de 8 pieds chacun.<\/p>\n<p style=\"text-align: justify;\"><a href=\"https:\/\/www.francebleu.fr\/archives\/emissions\/un-ghjornu-una-canzona\/rcfm\" target=\"_blank\" rel=\"noopener\">Podcast RCFM Un ghjornu, una canzona<\/a><br \/>\nOgni ghjornu una canzona : a so storia, a so spiegazione, i so secreti, p\u00e8 scopre a musica corsa altrimenti.<\/p>\n<p style=\"text-align: justify;\"><a href=\"http:\/\/www.sarocchi.com\/\" target=\"_blank\" rel=\"noopener\">Sarocchi<\/a><br \/>\nLe site officiel du groupe corse Sarocchi, Chants, Musiques et Polyphonies Corses.<\/p>\n<p style=\"text-align: justify;\"><a href=\"http:\/\/www.sunemu.net\/\" target=\"_blank\" rel=\"noopener\">Sunemu<\/a><br \/>\nSite vivant et tr\u00e8s complet, pour trouver ou \u00e9changer des paroles et accords de chansons corses. Ce site a un forum o\u00f9 s&rsquo;\u00e9changent quotidiennement beaucoup d&rsquo;informations.<\/p>\n<p style=\"text-align: justify;\"><a href=\"http:\/\/www.tavagna.com\/index.php\" target=\"_blank\" rel=\"noopener\">Tavagna<\/a><br \/>\nSite officiel du Tavagna Club !<\/p>\n","protected":false},"excerpt":{"rendered":"<p>A Stonda Page Facebook du groupe de polyphonies corses : A Stonda. Barbara Furtuna Site officiel de l&rsquo;ensemble polyphonique corse Barbara Furtuna. ChanteursCorses.com Des chanteurs corses disponibles vous proposent diverses prestations musicales et animations : polyphonies corses, messe corse en polyphonie, messe de mariage corse, animation musicale avec chants et guitares corses, concerts. L&rsquo;invitu Des &hellip; <\/p>\n<p class=\"link-more\"><a href=\"https:\/\/www.culturaviva.fr\/index.php\/liens_musique\/\" class=\"more-link\">Continuer la lecture<span class=\"screen-reader-text\"> de &laquo;&nbsp;Liens vers les sites de Musique&nbsp;&raquo;<\/span><\/a><\/p>\n","protected":false},"author":1,"featured_media":0,"parent":0,"menu_order":0,"comment_status":"closed","ping_status":"closed","template":"","meta":{"footnotes":""},"class_list":["post-177","page","type-page","status-publish","hentry"],"_links":{"self":[{"href":"https:\/\/www.culturaviva.fr\/index.php\/wp-json\/wp\/v2\/pages\/177","targetHints":{"allow":["GET"]}}],"collection":[{"href":"https:\/\/www.culturaviva.fr\/index.php\/wp-json\/wp\/v2\/pages"}],"about":[{"href":"https:\/\/www.culturaviva.fr\/index.php\/wp-json\/wp\/v2\/types\/page"}],"author":[{"embeddable":true,"href":"https:\/\/www.culturaviva.fr\/index.php\/wp-json\/wp\/v2\/users\/1"}],"replies":[{"embeddable":true,"href":"https:\/\/www.culturaviva.fr\/index.php\/wp-json\/wp\/v2\/comments?post=177"}],"version-history":[{"count":3,"href":"https:\/\/www.culturaviva.fr\/index.php\/wp-json\/wp\/v2\/pages\/177\/revisions"}],"predecessor-version":[{"id":1412,"href":"https:\/\/www.culturaviva.fr\/index.php\/wp-json\/wp\/v2\/pages\/177\/revisions\/1412"}],"wp:attachment":[{"href":"https:\/\/www.culturaviva.fr\/index.php\/wp-json\/wp\/v2\/media?parent=177"}],"curies":[{"name":"wp","href":"https:\/\/api.w.org\/{rel}","templated":true}]}}