{"id":179,"date":"2018-02-10T22:34:47","date_gmt":"2018-02-10T21:34:47","guid":{"rendered":"http:\/\/fictif.duckdns.org\/wordpress\/?page_id=178"},"modified":"2025-02-12T14:58:45","modified_gmt":"2025-02-12T13:58:45","slug":"liens_presse","status":"publish","type":"page","link":"https:\/\/www.culturaviva.fr\/index.php\/liens_presse\/","title":{"rendered":"Liens vers les sites d&rsquo;Information"},"content":{"rendered":"<p style=\"text-align: justify;\"><a href=\"http:\/\/www.adecec.net\/\" target=\"_blank\" rel=\"noopener\">L&rsquo;Adecec<\/a><br \/>\nLa culture corse sur le web. <em>A cultura corsa nantu \u00e0 u web.<\/em><\/p>\n<p style=\"text-align: justify;\"><a href=\"http:\/\/www.alta-frequenza.corsica\/\" target=\"_blank\" rel=\"noopener\">Alta Frequenza<\/a><br \/>\n<em>A radi\u00f2 di a Corsica.<\/em><\/p>\n<p style=\"text-align: justify;\"><a href=\"https:\/\/www.apiazzetta.com\/\" target=\"_blank\" rel=\"noopener\">A Piazzetta<\/a><br \/>\n<em>Infurmazione corse, azizume \u00e8 scherzu, \u00e8 din\u00f9 u <a href=\"http:\/\/www.apiazzetta.com\/GIURNALE_r19.html\" target=\"_blank\" rel=\"noopener\">ghjurnale<\/a>.<\/em><\/p>\n<p style=\"text-align: justify;\"><a href=\"http:\/\/carsico.blogspot.com\/\" target=\"_blank\" rel=\"noopener\">Carsico<\/a><br \/>\nCarsico, l&rsquo;information corse. En mieux. \u00a91769.<\/p>\n<p style=\"text-align: justify;\"><a href=\"https:\/\/educorsica.fr\/\" target=\"_blank\" rel=\"noopener\">CRDP de Corse<\/a><br \/>\nUne des missions principales du CRDP de Corse est la mise \u00e0 disposition d\u2019un fonds de <a href=\"https:\/\/educorsica.fr\/recherche?cck=resssources&amp;ressources_type=&amp;ressources_titre=&amp;recherche_mots_cles=&amp;ressources_langue=&amp;ressources_collection_formulaire=&amp;ressources_discipline=&amp;search=recherche&amp;task=search\" target=\"_blank\" rel=\"noopener\">ressources documentaires<\/a>.<\/p>\n<p style=\"text-align: justify;\"><a href=\"https:\/\/www.corsematin.com\/\" target=\"_blank\" rel=\"noopener\">Corse-Matin<\/a><br \/>\nLe site Internet du quotidien r\u00e9gional.<\/p>\n<p style=\"text-align: justify;\"><a href=\"http:\/\/france3-regions.francetvinfo.fr\/corse\/\" target=\"_blank\" rel=\"noopener\">France 3 Corse ViaStella<\/a><br \/>\nLe site Internet de la cha\u00eene r\u00e9gionale d&rsquo;informations avec notamment le <a href=\"https:\/\/france3-regions.francetvinfo.fr\/corse\/emissions\/demandez-le-programme\" target=\"_blank\" rel=\"noopener\">guide des programmes TV<\/a> de la semaine.<\/p>\n<p style=\"text-align: justify;\"><a href=\"https:\/\/www.francebleu.fr\/rcfm\" target=\"_blank\" rel=\"noopener\">France Bleu RCFM<\/a><br \/>\nLe site Internet de la radio r\u00e9gionale.<\/p>\n<p style=\"text-align: justify;\"><a href=\"http:\/\/interromania.com\/\" target=\"_blank\" rel=\"noopener\">InterRomania<\/a><br \/>\n<em>Associu di sustegnu Centru Culturale Universita di Corsica.<\/em><\/p>\n<p style=\"text-align: justify;\"><a href=\"https:\/\/m3c.universita.corsica\/s\/fr\" target=\"_blank\" rel=\"noopener\">La M\u00e9diath\u00e8que Culturelle de la Corse et des Corses (M3C)<\/a><br \/>\nLa nouvelle banque de donn\u00e9es en ligne de plus de 5000 documents sur la Corse !<\/p>\n<p style=\"text-align: justify;\">\n","protected":false},"excerpt":{"rendered":"<p>L&rsquo;Adecec La culture corse sur le web. A cultura corsa nantu \u00e0 u web. Alta Frequenza A radi\u00f2 di a Corsica. A Piazzetta Infurmazione corse, azizume \u00e8 scherzu, \u00e8 din\u00f9 u ghjurnale. Carsico Carsico, l&rsquo;information corse. En mieux. \u00a91769. CRDP de Corse Une des missions principales du CRDP de Corse est la mise \u00e0 disposition &hellip; <\/p>\n<p class=\"link-more\"><a href=\"https:\/\/www.culturaviva.fr\/index.php\/liens_presse\/\" class=\"more-link\">Continuer la lecture<span class=\"screen-reader-text\"> de &laquo;&nbsp;Liens vers les sites d&rsquo;Information&nbsp;&raquo;<\/span><\/a><\/p>\n","protected":false},"author":1,"featured_media":0,"parent":0,"menu_order":0,"comment_status":"closed","ping_status":"closed","template":"","meta":{"footnotes":""},"class_list":["post-179","page","type-page","status-publish","hentry"],"_links":{"self":[{"href":"https:\/\/www.culturaviva.fr\/index.php\/wp-json\/wp\/v2\/pages\/179","targetHints":{"allow":["GET"]}}],"collection":[{"href":"https:\/\/www.culturaviva.fr\/index.php\/wp-json\/wp\/v2\/pages"}],"about":[{"href":"https:\/\/www.culturaviva.fr\/index.php\/wp-json\/wp\/v2\/types\/page"}],"author":[{"embeddable":true,"href":"https:\/\/www.culturaviva.fr\/index.php\/wp-json\/wp\/v2\/users\/1"}],"replies":[{"embeddable":true,"href":"https:\/\/www.culturaviva.fr\/index.php\/wp-json\/wp\/v2\/comments?post=179"}],"version-history":[{"count":1,"href":"https:\/\/www.culturaviva.fr\/index.php\/wp-json\/wp\/v2\/pages\/179\/revisions"}],"predecessor-version":[{"id":1410,"href":"https:\/\/www.culturaviva.fr\/index.php\/wp-json\/wp\/v2\/pages\/179\/revisions\/1410"}],"wp:attachment":[{"href":"https:\/\/www.culturaviva.fr\/index.php\/wp-json\/wp\/v2\/media?parent=179"}],"curies":[{"name":"wp","href":"https:\/\/api.w.org\/{rel}","templated":true}]}}