{"id":38,"date":"2018-02-07T18:59:29","date_gmt":"2018-02-07T17:59:29","guid":{"rendered":"http:\/\/fictif.duckdns.org\/wordpress\/?page_id=38"},"modified":"2024-11-24T15:27:11","modified_gmt":"2024-11-24T14:27:11","slug":"chansons-guitare","status":"publish","type":"page","link":"https:\/\/www.culturaviva.fr\/index.php\/chansons-guitare\/","title":{"rendered":"Chansons accompagn\u00e9es \u00e0 la guitare"},"content":{"rendered":"<p style=\"text-align: justify;\">Paul-Andr\u00e9 FATTACCINI de <a href=\"https:\/\/www.geoportail.gouv.fr\/carte?c=9.313753555542,42.46681834224111&amp;z=14&amp;l0=GEOGRAPHICALGRIDSYSTEMS.MAPS.SCAN-EXPRESS.STANDARD::GEOPORTAIL:OGC:WMTS(1)&amp;permalink=yes\" target=\"_blank\" rel=\"noopener\">Castellu di Rustinu<\/a> (Haute-Corse) anime l&rsquo;atelier de chansons accompagn\u00e9es \u00e0 la guitare qui se d\u00e9roule deux dimanches apr\u00e8s-midi par mois de 14h \u00e0 17h.<\/p>\n<p style=\"text-align: justify;\">Les dates et heures des cours sont susceptibles d&rsquo;\u00e9voluer en fonction de la disponibilit\u00e9 de l&rsquo;animateur et sont annonc\u00e9s chaque mois pour le mois suivant.<\/p>\n<p style=\"text-align: justify;\">Il s&rsquo;agit de reprendre le r\u00e9pertoire corse de fa\u00e7on assez large, du traditionnel au plus contemporain. Sont abord\u00e9es, entre autres, des chansons de Antoine Ciosi, Charles Rocchi, Tony Toga, mais aussi celles de groupes tels que : A Filetta, Canta u Populu Corsu, I Chjami Aghjalesi, I Muvrini, I Surghjenti, L&rsquo;Attrachju&#8230;<\/p>\n<p style=\"text-align: justify;\"><span style=\"text-decoration: underline;\">Modalit\u00e9s pratiques :<\/span><\/p>\n<p style=\"text-align: justify;\">Les ateliers se d\u00e9roulent \u00e0 <a href=\"http:\/\/culturaviva.fr\/index.php\/plans\/\" target=\"_blank\" rel=\"noopener\"><em>A Casa di u Populu Corsu<\/em><\/a>, 51 rue du G\u00e9n\u00e9ral Leclerc \u00e0 Issy les Moulineaux, \u00e0 proximit\u00e9 du m\u00e9tro Mairie d\u2019Issy, ligne 12. Ils d\u00e9butent en octobre et se terminent \u00e0 la fin du mois de juin. Les ateliers ne sont g\u00e9n\u00e9ralement pas assur\u00e9s pendant les <a href=\"https:\/\/www.service-public.fr\/particuliers\/vosdroits\/F31952\">vacances scolaires<\/a>.<\/p>\n<p style=\"text-align: justify;\">Les personnes int\u00e9ress\u00e9es par cet atelier sont pri\u00e9es de contacter Paul-Andr\u00e9 \u00e0 l&rsquo;aide de ce <a href=\"https:\/\/culturaviva.fr\/index.php\/formulaire-de-contact-chant-et-guitare\/\">formulaire de contact<\/a>.<\/p>\n","protected":false},"excerpt":{"rendered":"<p>Paul-Andr\u00e9 FATTACCINI de Castellu di Rustinu (Haute-Corse) anime l&rsquo;atelier de chansons accompagn\u00e9es \u00e0 la guitare qui se d\u00e9roule deux dimanches apr\u00e8s-midi par mois de 14h \u00e0 17h. Les dates et heures des cours sont susceptibles d&rsquo;\u00e9voluer en fonction de la disponibilit\u00e9 de l&rsquo;animateur et sont annonc\u00e9s chaque mois pour le mois suivant. Il s&rsquo;agit de &hellip; <\/p>\n<p class=\"link-more\"><a href=\"https:\/\/www.culturaviva.fr\/index.php\/chansons-guitare\/\" class=\"more-link\">Continuer la lecture<span class=\"screen-reader-text\"> de &laquo;&nbsp;Chansons accompagn\u00e9es \u00e0 la guitare&nbsp;&raquo;<\/span><\/a><\/p>\n","protected":false},"author":1,"featured_media":280,"parent":0,"menu_order":0,"comment_status":"closed","ping_status":"closed","template":"","meta":{"footnotes":""},"class_list":["post-38","page","type-page","status-publish","has-post-thumbnail","hentry"],"_links":{"self":[{"href":"https:\/\/www.culturaviva.fr\/index.php\/wp-json\/wp\/v2\/pages\/38","targetHints":{"allow":["GET"]}}],"collection":[{"href":"https:\/\/www.culturaviva.fr\/index.php\/wp-json\/wp\/v2\/pages"}],"about":[{"href":"https:\/\/www.culturaviva.fr\/index.php\/wp-json\/wp\/v2\/types\/page"}],"author":[{"embeddable":true,"href":"https:\/\/www.culturaviva.fr\/index.php\/wp-json\/wp\/v2\/users\/1"}],"replies":[{"embeddable":true,"href":"https:\/\/www.culturaviva.fr\/index.php\/wp-json\/wp\/v2\/comments?post=38"}],"version-history":[{"count":1,"href":"https:\/\/www.culturaviva.fr\/index.php\/wp-json\/wp\/v2\/pages\/38\/revisions"}],"predecessor-version":[{"id":1389,"href":"https:\/\/www.culturaviva.fr\/index.php\/wp-json\/wp\/v2\/pages\/38\/revisions\/1389"}],"wp:featuredmedia":[{"embeddable":true,"href":"https:\/\/www.culturaviva.fr\/index.php\/wp-json\/wp\/v2\/media\/280"}],"wp:attachment":[{"href":"https:\/\/www.culturaviva.fr\/index.php\/wp-json\/wp\/v2\/media?parent=38"}],"curies":[{"name":"wp","href":"https:\/\/api.w.org\/{rel}","templated":true}]}}