{"id":83,"date":"2018-02-10T18:17:30","date_gmt":"2018-02-10T17:17:30","guid":{"rendered":"http:\/\/fictif.duckdns.org\/wordpress\/?page_id=83"},"modified":"2024-06-12T16:43:04","modified_gmt":"2024-06-12T14:43:04","slug":"tarifs-langue","status":"publish","type":"page","link":"https:\/\/www.culturaviva.fr\/index.php\/tarifs-langue\/","title":{"rendered":"Tarifs atelier de langue"},"content":{"rendered":"<p style=\"text-align: justify;\">La cotisation annuelle est de 180\u00a0\u20ac, payable en une ou deux fois.<\/p>\n<p style=\"text-align: justify;\">Si vous souhaitez participer \u00e0 plusieurs activit\u00e9s, la cotisation par activit\u00e9 suppl\u00e9mentaire est de 60\u00a0\u20ac.<\/p>\n<p style=\"text-align: justify;\"><em>Exemples<\/em> : cotisation annuelle de 240 \u20ac pour polyphonie + langue et cotisation annuelle de 300\u00a0\u20ac pour 3 activit\u00e9s.<\/p>\n","protected":false},"excerpt":{"rendered":"<p>La cotisation annuelle est de 180\u00a0\u20ac, payable en une ou deux fois. Si vous souhaitez participer \u00e0 plusieurs activit\u00e9s, la cotisation par activit\u00e9 suppl\u00e9mentaire est de 60\u00a0\u20ac. Exemples : cotisation annuelle de 240 \u20ac pour polyphonie + langue et cotisation annuelle de 300\u00a0\u20ac pour 3 activit\u00e9s.<\/p>\n","protected":false},"author":1,"featured_media":0,"parent":0,"menu_order":0,"comment_status":"closed","ping_status":"closed","template":"","meta":{"footnotes":""},"class_list":["post-83","page","type-page","status-publish","hentry"],"_links":{"self":[{"href":"https:\/\/www.culturaviva.fr\/index.php\/wp-json\/wp\/v2\/pages\/83","targetHints":{"allow":["GET"]}}],"collection":[{"href":"https:\/\/www.culturaviva.fr\/index.php\/wp-json\/wp\/v2\/pages"}],"about":[{"href":"https:\/\/www.culturaviva.fr\/index.php\/wp-json\/wp\/v2\/types\/page"}],"author":[{"embeddable":true,"href":"https:\/\/www.culturaviva.fr\/index.php\/wp-json\/wp\/v2\/users\/1"}],"replies":[{"embeddable":true,"href":"https:\/\/www.culturaviva.fr\/index.php\/wp-json\/wp\/v2\/comments?post=83"}],"version-history":[{"count":3,"href":"https:\/\/www.culturaviva.fr\/index.php\/wp-json\/wp\/v2\/pages\/83\/revisions"}],"predecessor-version":[{"id":1334,"href":"https:\/\/www.culturaviva.fr\/index.php\/wp-json\/wp\/v2\/pages\/83\/revisions\/1334"}],"wp:attachment":[{"href":"https:\/\/www.culturaviva.fr\/index.php\/wp-json\/wp\/v2\/media?parent=83"}],"curies":[{"name":"wp","href":"https:\/\/api.w.org\/{rel}","templated":true}]}}