{"id":999,"date":"2018-02-05T17:19:28","date_gmt":"2018-02-05T16:19:28","guid":{"rendered":"http:\/\/fictif.duckdns.org\/wordpress\/?page_id=9"},"modified":"2023-01-09T18:30:32","modified_gmt":"2023-01-09T17:30:32","slug":"a-propos-de","status":"publish","type":"page","link":"https:\/\/www.culturaviva.fr\/index.php\/a-propos-de\/","title":{"rendered":"\u00c0 propos de"},"content":{"rendered":"<div class=\"entry-content\">\n<p><strong>Cultura Viva<\/strong> est une association loi de 1901 publi\u00e9e au J.O. du 13 juillet 1984 qui a pour objet la promotion de la langue et de la culture corses.<\/p>\n<p>Elle a pris en charge, depuis l\u2019ann\u00e9e scolaire 1984-1985, l\u2019organisation des cours de <strong>langue<\/strong> corse \u00e0 Paris et sa r\u00e9gion et depuis l\u2019ann\u00e9e scolaire 2003-2004 le d\u00e9veloppement d\u2019ateliers de <strong>chant<\/strong> corse. Ces cours sont ouverts \u00e0 tous, sans condition particuli\u00e8re d\u2019inscription d\u00e8s lors qu\u2019il s\u2019agit de cours d\u2019initiation.<\/p>\n<p>Cultura Viva est d\u00e9clar\u00e9e sous le num\u00e9ro 11 75 19 653 75 en tant qu\u2019<em>organisme de formation<\/em>.<\/p>\n<\/div>\n\n\n<p>Aujourd&rsquo;hui, l&rsquo;association Cultiura Viva dispense des cours de langue corse, de chant polyphonique et de chant accompagn\u00e9 \u00e0 la guitare.<\/p>\n","protected":false},"excerpt":{"rendered":"<p>Cultura Viva est une association loi de 1901 publi\u00e9e au J.O. du 13 juillet 1984 qui a pour objet la promotion de la langue et de la culture corses. Elle a pris en charge, depuis l\u2019ann\u00e9e scolaire 1984-1985, l\u2019organisation des cours de langue corse \u00e0 Paris et sa r\u00e9gion et depuis l\u2019ann\u00e9e scolaire 2003-2004 le &hellip; <\/p>\n<p class=\"link-more\"><a href=\"https:\/\/www.culturaviva.fr\/index.php\/a-propos-de\/\" class=\"more-link\">Continuer la lecture<span class=\"screen-reader-text\"> de &laquo;&nbsp;\u00c0 propos de&nbsp;&raquo;<\/span><\/a><\/p>\n","protected":false},"author":2,"featured_media":0,"parent":0,"menu_order":0,"comment_status":"closed","ping_status":"closed","template":"","meta":{"footnotes":""},"class_list":["post-999","page","type-page","status-publish","hentry"],"_links":{"self":[{"href":"https:\/\/www.culturaviva.fr\/index.php\/wp-json\/wp\/v2\/pages\/999","targetHints":{"allow":["GET"]}}],"collection":[{"href":"https:\/\/www.culturaviva.fr\/index.php\/wp-json\/wp\/v2\/pages"}],"about":[{"href":"https:\/\/www.culturaviva.fr\/index.php\/wp-json\/wp\/v2\/types\/page"}],"author":[{"embeddable":true,"href":"https:\/\/www.culturaviva.fr\/index.php\/wp-json\/wp\/v2\/users\/2"}],"replies":[{"embeddable":true,"href":"https:\/\/www.culturaviva.fr\/index.php\/wp-json\/wp\/v2\/comments?post=999"}],"version-history":[{"count":2,"href":"https:\/\/www.culturaviva.fr\/index.php\/wp-json\/wp\/v2\/pages\/999\/revisions"}],"predecessor-version":[{"id":1126,"href":"https:\/\/www.culturaviva.fr\/index.php\/wp-json\/wp\/v2\/pages\/999\/revisions\/1126"}],"wp:attachment":[{"href":"https:\/\/www.culturaviva.fr\/index.php\/wp-json\/wp\/v2\/media?parent=999"}],"curies":[{"name":"wp","href":"https:\/\/api.w.org\/{rel}","templated":true}]}}